{"id":30,"date":"2024-06-03T12:15:44","date_gmt":"2024-06-03T12:15:44","guid":{"rendered":"http:\/\/vivahomeloans.com\/?page_id=30"},"modified":"2024-07-11T22:07:27","modified_gmt":"2024-07-11T22:07:27","slug":"nosotros","status":"publish","type":"page","link":"http:\/\/vivahomeloans.com\/spa\/nosotros\/","title":{"rendered":"Nosotros"},"content":{"rendered":"\t\t<div data-elementor-type=\"wp-page\" data-elementor-id=\"30\" class=\"elementor elementor-30\" data-elementor-post-type=\"page\">\n\t\t\t\t<div class=\"elementor-element elementor-element-fc1d7ec e-flex e-con-boxed e-con e-parent\" data-id=\"fc1d7ec\" data-element_type=\"container\" data-e-type=\"container\">\n\t\t\t\t\t<div class=\"e-con-inner\">\n\t\t<div class=\"elementor-element elementor-element-79709e9 e-con-full e-flex e-con e-child\" data-id=\"79709e9\" data-element_type=\"container\" data-e-type=\"container\">\n\t\t\t\t<div class=\"elementor-element elementor-element-139d47e elementor-widget elementor-widget-heading\" data-id=\"139d47e\" data-element_type=\"widget\" data-e-type=\"widget\" data-widget_type=\"heading.default\">\n\t\t\t\t<div class=\"elementor-widget-container\">\n\t\t\t\t\t<h2 class=\"elementor-heading-title elementor-size-default\">Misi\u00f3n<\/h2>\t\t\t\t<\/div>\n\t\t\t\t<\/div>\n\t\t\t\t<div class=\"elementor-element elementor-element-3325098 elementor-widget-divider--view-line elementor-widget elementor-widget-divider\" data-id=\"3325098\" data-element_type=\"widget\" data-e-type=\"widget\" data-widget_type=\"divider.default\">\n\t\t\t\t<div class=\"elementor-widget-container\">\n\t\t\t\t\t\t\t<div class=\"elementor-divider\">\n\t\t\t<span class=\"elementor-divider-separator\">\n\t\t\t\t\t\t<\/span>\n\t\t<\/div>\n\t\t\t\t\t\t<\/div>\n\t\t\t\t<\/div>\n\t\t\t\t<div class=\"elementor-element elementor-element-515ed87 elementor-widget elementor-widget-text-editor\" data-id=\"515ed87\" data-element_type=\"widget\" data-e-type=\"widget\" data-widget_type=\"text-editor.default\">\n\t\t\t\t<div class=\"elementor-widget-container\">\n\t\t\t\t\t\t\t\t\t<p>Ofrecer soluciones hipotecarias accesibles y personalizadas para que nuestros clientes puedan tener un hogar propio. Apoyamos especialmente a los primeros compradores y a la comunidad latina, proporcion\u00e1ndoles programas de pr\u00e9stamos adecuados y al mejor precio posible.<\/p>\t\t\t\t\t\t\t\t<\/div>\n\t\t\t\t<\/div>\n\t\t\t\t<\/div>\n\t\t<div class=\"elementor-element elementor-element-eae7dad e-con-full e-flex e-con e-child\" data-id=\"eae7dad\" data-element_type=\"container\" data-e-type=\"container\" data-settings=\"{&quot;background_background&quot;:&quot;classic&quot;}\">\n\t\t\t\t<div class=\"elementor-element elementor-element-f22de64 elementor-widget elementor-widget-image\" data-id=\"f22de64\" data-element_type=\"widget\" data-e-type=\"widget\" data-widget_type=\"image.default\">\n\t\t\t\t<div class=\"elementor-widget-container\">\n\t\t\t\t\t\t\t\t\t\t\t\t\t\t\t<img fetchpriority=\"high\" decoding=\"async\" width=\"1024\" height=\"683\" src=\"https:\/\/vivahomeloans.com\/wp-content\/uploads\/2024\/06\/creative-people-handshake-partnership-teamwork-meeting-greeting-together-office-employees-shaking-hands-introduction-thank-you-agreement-deal-welcome-team-startup-1024x683.jpg\" class=\"attachment-large size-large wp-image-418\" alt=\"\" srcset=\"https:\/\/vivahomeloans.com\/wp-content\/uploads\/2024\/06\/creative-people-handshake-partnership-teamwork-meeting-greeting-together-office-employees-shaking-hands-introduction-thank-you-agreement-deal-welcome-team-startup-1024x683.jpg 1024w, https:\/\/vivahomeloans.com\/wp-content\/uploads\/2024\/06\/creative-people-handshake-partnership-teamwork-meeting-greeting-together-office-employees-shaking-hands-introduction-thank-you-agreement-deal-welcome-team-startup-300x200.jpg 300w, https:\/\/vivahomeloans.com\/wp-content\/uploads\/2024\/06\/creative-people-handshake-partnership-teamwork-meeting-greeting-together-office-employees-shaking-hands-introduction-thank-you-agreement-deal-welcome-team-startup-768x512.jpg 768w, https:\/\/vivahomeloans.com\/wp-content\/uploads\/2024\/06\/creative-people-handshake-partnership-teamwork-meeting-greeting-together-office-employees-shaking-hands-introduction-thank-you-agreement-deal-welcome-team-startup-1536x1025.jpg 1536w, https:\/\/vivahomeloans.com\/wp-content\/uploads\/2024\/06\/creative-people-handshake-partnership-teamwork-meeting-greeting-together-office-employees-shaking-hands-introduction-thank-you-agreement-deal-welcome-team-startup-2048x1366.jpg 2048w\" sizes=\"(max-width: 1024px) 100vw, 1024px\" \/>\t\t\t\t\t\t\t\t\t\t\t\t\t\t\t<\/div>\n\t\t\t\t<\/div>\n\t\t\t\t<\/div>\n\t\t\t\t\t<\/div>\n\t\t\t\t<\/div>\n\t\t<div class=\"elementor-element elementor-element-ab676fc e-flex e-con-boxed e-con e-parent\" data-id=\"ab676fc\" data-element_type=\"container\" data-e-type=\"container\">\n\t\t\t\t\t<div class=\"e-con-inner\">\n\t\t<div class=\"elementor-element elementor-element-1749700 e-con-full e-flex e-con e-child\" data-id=\"1749700\" data-element_type=\"container\" data-e-type=\"container\" data-settings=\"{&quot;background_background&quot;:&quot;classic&quot;}\">\n\t\t\t\t<div class=\"elementor-element elementor-element-5c5209d elementor-widget elementor-widget-image\" data-id=\"5c5209d\" data-element_type=\"widget\" data-e-type=\"widget\" data-widget_type=\"image.default\">\n\t\t\t\t<div class=\"elementor-widget-container\">\n\t\t\t\t\t\t\t\t\t\t\t\t\t\t\t<img decoding=\"async\" width=\"1024\" height=\"632\" src=\"https:\/\/vivahomeloans.com\/wp-content\/uploads\/2024\/06\/us-flag-waves-proudly-front-american-home-representing-meaning-symbolism-patrio-1-1024x632.jpg\" class=\"attachment-large size-large wp-image-417\" alt=\"\" srcset=\"https:\/\/vivahomeloans.com\/wp-content\/uploads\/2024\/06\/us-flag-waves-proudly-front-american-home-representing-meaning-symbolism-patrio-1-1024x632.jpg 1024w, https:\/\/vivahomeloans.com\/wp-content\/uploads\/2024\/06\/us-flag-waves-proudly-front-american-home-representing-meaning-symbolism-patrio-1-300x185.jpg 300w, https:\/\/vivahomeloans.com\/wp-content\/uploads\/2024\/06\/us-flag-waves-proudly-front-american-home-representing-meaning-symbolism-patrio-1-768x474.jpg 768w, https:\/\/vivahomeloans.com\/wp-content\/uploads\/2024\/06\/us-flag-waves-proudly-front-american-home-representing-meaning-symbolism-patrio-1-1536x949.jpg 1536w, https:\/\/vivahomeloans.com\/wp-content\/uploads\/2024\/06\/us-flag-waves-proudly-front-american-home-representing-meaning-symbolism-patrio-1-2048x1265.jpg 2048w\" sizes=\"(max-width: 1024px) 100vw, 1024px\" \/>\t\t\t\t\t\t\t\t\t\t\t\t\t\t\t<\/div>\n\t\t\t\t<\/div>\n\t\t\t\t<\/div>\n\t\t<div class=\"elementor-element elementor-element-d634816 e-con-full e-flex e-con e-child\" data-id=\"d634816\" data-element_type=\"container\" data-e-type=\"container\">\n\t\t\t\t<div class=\"elementor-element elementor-element-07bc34f elementor-widget elementor-widget-heading\" data-id=\"07bc34f\" data-element_type=\"widget\" data-e-type=\"widget\" data-widget_type=\"heading.default\">\n\t\t\t\t<div class=\"elementor-widget-container\">\n\t\t\t\t\t<h2 class=\"elementor-heading-title elementor-size-default\">Visi\u00f3n<\/h2>\t\t\t\t<\/div>\n\t\t\t\t<\/div>\n\t\t\t\t<div class=\"elementor-element elementor-element-f6ed824 elementor-widget-divider--view-line elementor-widget elementor-widget-divider\" data-id=\"f6ed824\" data-element_type=\"widget\" data-e-type=\"widget\" data-widget_type=\"divider.default\">\n\t\t\t\t<div class=\"elementor-widget-container\">\n\t\t\t\t\t\t\t<div class=\"elementor-divider\">\n\t\t\t<span class=\"elementor-divider-separator\">\n\t\t\t\t\t\t<\/span>\n\t\t<\/div>\n\t\t\t\t\t\t<\/div>\n\t\t\t\t<\/div>\n\t\t\t\t<div class=\"elementor-element elementor-element-e5484e2 elementor-widget elementor-widget-text-editor\" data-id=\"e5484e2\" data-element_type=\"widget\" data-e-type=\"widget\" data-widget_type=\"text-editor.default\">\n\t\t\t\t<div class=\"elementor-widget-container\">\n\t\t\t\t\t\t\t\t\t<p>En VIVA Home Loans, aspiramos a que los primeros compradores, especialmente de la comunidad latina, y todos nuestros clientes reciban la mejor atenci\u00f3n y los programas de pr\u00e9stamos m\u00e1s destacados. Con un equipo honesto y procesos eficientes, facilitamos el acceso a la vivienda para todas las familias, creando comunidades pr\u00f3speras y estables.<\/p>\t\t\t\t\t\t\t\t<\/div>\n\t\t\t\t<\/div>\n\t\t\t\t<\/div>\n\t\t\t\t\t<\/div>\n\t\t\t\t<\/div>\n\t\t<div class=\"elementor-element elementor-element-e701887 e-flex e-con-boxed e-con e-parent\" data-id=\"e701887\" data-element_type=\"container\" data-e-type=\"container\">\n\t\t\t\t\t<div class=\"e-con-inner\">\n\t\t\t\t<div class=\"elementor-element elementor-element-bb4e40a elementor-widget elementor-widget-heading\" data-id=\"bb4e40a\" data-element_type=\"widget\" data-e-type=\"widget\" data-widget_type=\"heading.default\">\n\t\t\t\t<div class=\"elementor-widget-container\">\n\t\t\t\t\t<h2 class=\"elementor-heading-title elementor-size-default\">VALORES<\/h2>\t\t\t\t<\/div>\n\t\t\t\t<\/div>\n\t\t\t\t<div class=\"elementor-element elementor-element-1044adc elementor-widget-divider--view-line elementor-widget elementor-widget-divider\" data-id=\"1044adc\" data-element_type=\"widget\" data-e-type=\"widget\" data-widget_type=\"divider.default\">\n\t\t\t\t<div class=\"elementor-widget-container\">\n\t\t\t\t\t\t\t<div class=\"elementor-divider\">\n\t\t\t<span class=\"elementor-divider-separator\">\n\t\t\t\t\t\t<\/span>\n\t\t<\/div>\n\t\t\t\t\t\t<\/div>\n\t\t\t\t<\/div>\n\t\t\t\t\t<\/div>\n\t\t\t\t<\/div>\n\t\t<div class=\"elementor-element elementor-element-185e8c9 e-flex e-con-boxed e-con e-parent\" data-id=\"185e8c9\" data-element_type=\"container\" data-e-type=\"container\">\n\t\t\t\t\t<div class=\"e-con-inner\">\n\t\t<div class=\"elementor-element elementor-element-b1b9a40 e-con-full e-flex e-con e-child\" data-id=\"b1b9a40\" data-element_type=\"container\" data-e-type=\"container\" data-settings=\"{&quot;background_background&quot;:&quot;classic&quot;}\">\n\t\t\t\t<div class=\"elementor-element elementor-element-4792df6 elementor-position-inline-start elementor-widget__width-auto elementor-mobile-position-inline-start elementor-widget-mobile__width-initial elementor-view-default elementor-widget elementor-widget-icon-box\" data-id=\"4792df6\" data-element_type=\"widget\" data-e-type=\"widget\" data-widget_type=\"icon-box.default\">\n\t\t\t\t<div class=\"elementor-widget-container\">\n\t\t\t\t\t\t\t<div class=\"elementor-icon-box-wrapper\">\n\n\t\t\t\t\t\t<div class=\"elementor-icon-box-icon\">\n\t\t\t\t<span  class=\"elementor-icon\">\n\t\t\t\t<svg aria-hidden=\"true\" class=\"e-font-icon-svg e-fas-check\" viewBox=\"0 0 512 512\" xmlns=\"http:\/\/www.w3.org\/2000\/svg\"><path d=\"M173.898 439.404l-166.4-166.4c-9.997-9.997-9.997-26.206 0-36.204l36.203-36.204c9.997-9.998 26.207-9.998 36.204 0L192 312.69 432.095 72.596c9.997-9.997 26.207-9.997 36.204 0l36.203 36.204c9.997 9.997 9.997 26.206 0 36.204l-294.4 294.401c-9.998 9.997-26.207 9.997-36.204-.001z\"><\/path><\/svg>\t\t\t\t<\/span>\n\t\t\t<\/div>\n\t\t\t\n\t\t\t\t\t\t<div class=\"elementor-icon-box-content\">\n\n\t\t\t\t\t\t\t\t\t<h3 class=\"elementor-icon-box-title\">\n\t\t\t\t\t\t<span  >\n\t\t\t\t\t\t\tIntegridad\t\t\t\t\t\t<\/span>\n\t\t\t\t\t<\/h3>\n\t\t\t\t\n\t\t\t\t\n\t\t\t<\/div>\n\t\t\t\n\t\t<\/div>\n\t\t\t\t\t\t<\/div>\n\t\t\t\t<\/div>\n\t\t\t\t<\/div>\n\t\t<div class=\"elementor-element elementor-element-8d698e1 e-con-full e-flex e-con e-child\" data-id=\"8d698e1\" data-element_type=\"container\" data-e-type=\"container\" data-settings=\"{&quot;background_background&quot;:&quot;classic&quot;}\">\n\t\t\t\t<div class=\"elementor-element elementor-element-8051065 elementor-position-inline-start elementor-widget__width-auto elementor-mobile-position-inline-start elementor-widget-mobile__width-initial elementor-view-default elementor-widget elementor-widget-icon-box\" data-id=\"8051065\" data-element_type=\"widget\" data-e-type=\"widget\" data-widget_type=\"icon-box.default\">\n\t\t\t\t<div class=\"elementor-widget-container\">\n\t\t\t\t\t\t\t<div class=\"elementor-icon-box-wrapper\">\n\n\t\t\t\t\t\t<div class=\"elementor-icon-box-icon\">\n\t\t\t\t<span  class=\"elementor-icon\">\n\t\t\t\t<svg aria-hidden=\"true\" class=\"e-font-icon-svg e-fas-check\" viewBox=\"0 0 512 512\" xmlns=\"http:\/\/www.w3.org\/2000\/svg\"><path d=\"M173.898 439.404l-166.4-166.4c-9.997-9.997-9.997-26.206 0-36.204l36.203-36.204c9.997-9.998 26.207-9.998 36.204 0L192 312.69 432.095 72.596c9.997-9.997 26.207-9.997 36.204 0l36.203 36.204c9.997 9.997 9.997 26.206 0 36.204l-294.4 294.401c-9.998 9.997-26.207 9.997-36.204-.001z\"><\/path><\/svg>\t\t\t\t<\/span>\n\t\t\t<\/div>\n\t\t\t\n\t\t\t\t\t\t<div class=\"elementor-icon-box-content\">\n\n\t\t\t\t\t\t\t\t\t<h3 class=\"elementor-icon-box-title\">\n\t\t\t\t\t\t<span  >\n\t\t\t\t\t\t\tCercan\u00eda\t\t\t\t\t\t<\/span>\n\t\t\t\t\t<\/h3>\n\t\t\t\t\n\t\t\t\t\n\t\t\t<\/div>\n\t\t\t\n\t\t<\/div>\n\t\t\t\t\t\t<\/div>\n\t\t\t\t<\/div>\n\t\t\t\t<\/div>\n\t\t<div class=\"elementor-element elementor-element-436eea7 e-con-full e-flex e-con e-child\" data-id=\"436eea7\" data-element_type=\"container\" data-e-type=\"container\" data-settings=\"{&quot;background_background&quot;:&quot;classic&quot;}\">\n\t\t\t\t<div class=\"elementor-element elementor-element-8ab04b8 elementor-position-inline-start elementor-widget__width-auto elementor-mobile-position-inline-start elementor-widget-mobile__width-initial elementor-view-default elementor-widget elementor-widget-icon-box\" data-id=\"8ab04b8\" data-element_type=\"widget\" data-e-type=\"widget\" data-widget_type=\"icon-box.default\">\n\t\t\t\t<div class=\"elementor-widget-container\">\n\t\t\t\t\t\t\t<div class=\"elementor-icon-box-wrapper\">\n\n\t\t\t\t\t\t<div class=\"elementor-icon-box-icon\">\n\t\t\t\t<span  class=\"elementor-icon\">\n\t\t\t\t<svg aria-hidden=\"true\" class=\"e-font-icon-svg e-fas-check\" viewBox=\"0 0 512 512\" xmlns=\"http:\/\/www.w3.org\/2000\/svg\"><path d=\"M173.898 439.404l-166.4-166.4c-9.997-9.997-9.997-26.206 0-36.204l36.203-36.204c9.997-9.998 26.207-9.998 36.204 0L192 312.69 432.095 72.596c9.997-9.997 26.207-9.997 36.204 0l36.203 36.204c9.997 9.997 9.997 26.206 0 36.204l-294.4 294.401c-9.998 9.997-26.207 9.997-36.204-.001z\"><\/path><\/svg>\t\t\t\t<\/span>\n\t\t\t<\/div>\n\t\t\t\n\t\t\t\t\t\t<div class=\"elementor-icon-box-content\">\n\n\t\t\t\t\t\t\t\t\t<h3 class=\"elementor-icon-box-title\">\n\t\t\t\t\t\t<span  >\n\t\t\t\t\t\t\tResponsabilidad\t\t\t\t\t\t<\/span>\n\t\t\t\t\t<\/h3>\n\t\t\t\t\n\t\t\t\t\n\t\t\t<\/div>\n\t\t\t\n\t\t<\/div>\n\t\t\t\t\t\t<\/div>\n\t\t\t\t<\/div>\n\t\t\t\t<\/div>\n\t\t<div class=\"elementor-element elementor-element-06bfe12 e-con-full e-flex e-con e-child\" data-id=\"06bfe12\" data-element_type=\"container\" data-e-type=\"container\" data-settings=\"{&quot;background_background&quot;:&quot;classic&quot;}\">\n\t\t\t\t<div class=\"elementor-element elementor-element-39847d1 elementor-position-inline-start elementor-widget__width-auto elementor-mobile-position-inline-start elementor-widget-mobile__width-initial elementor-view-default elementor-widget elementor-widget-icon-box\" data-id=\"39847d1\" data-element_type=\"widget\" data-e-type=\"widget\" data-widget_type=\"icon-box.default\">\n\t\t\t\t<div class=\"elementor-widget-container\">\n\t\t\t\t\t\t\t<div class=\"elementor-icon-box-wrapper\">\n\n\t\t\t\t\t\t<div class=\"elementor-icon-box-icon\">\n\t\t\t\t<span  class=\"elementor-icon\">\n\t\t\t\t<svg aria-hidden=\"true\" class=\"e-font-icon-svg e-fas-check\" viewBox=\"0 0 512 512\" xmlns=\"http:\/\/www.w3.org\/2000\/svg\"><path d=\"M173.898 439.404l-166.4-166.4c-9.997-9.997-9.997-26.206 0-36.204l36.203-36.204c9.997-9.998 26.207-9.998 36.204 0L192 312.69 432.095 72.596c9.997-9.997 26.207-9.997 36.204 0l36.203 36.204c9.997 9.997 9.997 26.206 0 36.204l-294.4 294.401c-9.998 9.997-26.207 9.997-36.204-.001z\"><\/path><\/svg>\t\t\t\t<\/span>\n\t\t\t<\/div>\n\t\t\t\n\t\t\t\t\t\t<div class=\"elementor-icon-box-content\">\n\n\t\t\t\t\t\t\t\t\t<h3 class=\"elementor-icon-box-title\">\n\t\t\t\t\t\t<span  >\n\t\t\t\t\t\t\tTransparencia\t\t\t\t\t\t<\/span>\n\t\t\t\t\t<\/h3>\n\t\t\t\t\n\t\t\t\t\n\t\t\t<\/div>\n\t\t\t\n\t\t<\/div>\n\t\t\t\t\t\t<\/div>\n\t\t\t\t<\/div>\n\t\t\t\t<\/div>\n\t\t<div class=\"elementor-element elementor-element-325cea5 e-con-full e-flex e-con e-child\" data-id=\"325cea5\" data-element_type=\"container\" data-e-type=\"container\" data-settings=\"{&quot;background_background&quot;:&quot;classic&quot;}\">\n\t\t\t\t<div class=\"elementor-element elementor-element-7fcfe84 elementor-position-inline-start elementor-widget__width-auto elementor-mobile-position-inline-start elementor-widget-mobile__width-initial elementor-view-default elementor-widget elementor-widget-icon-box\" data-id=\"7fcfe84\" data-element_type=\"widget\" data-e-type=\"widget\" data-widget_type=\"icon-box.default\">\n\t\t\t\t<div class=\"elementor-widget-container\">\n\t\t\t\t\t\t\t<div class=\"elementor-icon-box-wrapper\">\n\n\t\t\t\t\t\t<div class=\"elementor-icon-box-icon\">\n\t\t\t\t<span  class=\"elementor-icon\">\n\t\t\t\t<svg aria-hidden=\"true\" class=\"e-font-icon-svg e-fas-check\" viewBox=\"0 0 512 512\" xmlns=\"http:\/\/www.w3.org\/2000\/svg\"><path d=\"M173.898 439.404l-166.4-166.4c-9.997-9.997-9.997-26.206 0-36.204l36.203-36.204c9.997-9.998 26.207-9.998 36.204 0L192 312.69 432.095 72.596c9.997-9.997 26.207-9.997 36.204 0l36.203 36.204c9.997 9.997 9.997 26.206 0 36.204l-294.4 294.401c-9.998 9.997-26.207 9.997-36.204-.001z\"><\/path><\/svg>\t\t\t\t<\/span>\n\t\t\t<\/div>\n\t\t\t\n\t\t\t\t\t\t<div class=\"elementor-icon-box-content\">\n\n\t\t\t\t\t\t\t\t\t<h3 class=\"elementor-icon-box-title\">\n\t\t\t\t\t\t<span  >\n\t\t\t\t\t\t\tCompromiso\t\t\t\t\t\t<\/span>\n\t\t\t\t\t<\/h3>\n\t\t\t\t\n\t\t\t\t\n\t\t\t<\/div>\n\t\t\t\n\t\t<\/div>\n\t\t\t\t\t\t<\/div>\n\t\t\t\t<\/div>\n\t\t\t\t<\/div>\n\t\t\t\t\t<\/div>\n\t\t\t\t<\/div>\n\t\t<div class=\"elementor-element elementor-element-903f17d e-flex e-con-boxed e-con e-parent\" data-id=\"903f17d\" data-element_type=\"container\" data-e-type=\"container\" data-settings=\"{&quot;background_background&quot;:&quot;classic&quot;}\">\n\t\t\t\t\t<div class=\"e-con-inner\">\n\t\t<div class=\"elementor-element elementor-element-f50a3b3 e-con-full e-flex e-con e-child\" data-id=\"f50a3b3\" data-element_type=\"container\" data-e-type=\"container\" data-settings=\"{&quot;background_background&quot;:&quot;classic&quot;}\">\n\t\t\t\t<div class=\"elementor-element elementor-element-09fefa3 elementor-widget elementor-widget-heading\" data-id=\"09fefa3\" data-element_type=\"widget\" data-e-type=\"widget\" data-widget_type=\"heading.default\">\n\t\t\t\t<div class=\"elementor-widget-container\">\n\t\t\t\t\t<h2 class=\"elementor-heading-title elementor-size-default\">Historia<\/h2>\t\t\t\t<\/div>\n\t\t\t\t<\/div>\n\t\t\t\t<div class=\"elementor-element elementor-element-1a6b64e elementor-widget-divider--view-line elementor-widget elementor-widget-divider\" data-id=\"1a6b64e\" data-element_type=\"widget\" data-e-type=\"widget\" data-widget_type=\"divider.default\">\n\t\t\t\t<div class=\"elementor-widget-container\">\n\t\t\t\t\t\t\t<div class=\"elementor-divider\">\n\t\t\t<span class=\"elementor-divider-separator\">\n\t\t\t\t\t\t<\/span>\n\t\t<\/div>\n\t\t\t\t\t\t<\/div>\n\t\t\t\t<\/div>\n\t\t\t\t<div class=\"elementor-element elementor-element-0c9c7ed elementor-widget elementor-widget-text-editor\" data-id=\"0c9c7ed\" data-element_type=\"widget\" data-e-type=\"widget\" data-widget_type=\"text-editor.default\">\n\t\t\t\t<div class=\"elementor-widget-container\">\n\t\t\t\t\t\t\t\t\t<p>La historia de VIVA Home Loans comenz\u00f3 en 2018, cuando un equipo de expertos financieros decidi\u00f3 fundar su propia compa\u00f1\u00eda. Motivados por sus experiencias en otros bancos, donde a menudo no pod\u00edan ayudar integralmente a los clientes, decidieron crear un banco hipotecario enfocado en los primeros compradores y la comunidad latina.<\/p><p>VIVA Home Loans naci\u00f3 con el prop\u00f3sito de ofrecer soluciones financieras personalizadas y accesibles, facilitando el acceso a la vivienda. Desde el inicio, se comprometieron a proporcionar un servicio de calidad, acompa\u00f1ando a cada cliente en todo el proceso de compra de su hogar.<\/p><p>Conscientes de los desaf\u00edos espec\u00edficos de la comunidad latina, se enfocaron en educar y empoderar a sus clientes, brindando informaci\u00f3n y recursos esenciales. Con los a\u00f1os, VIVA Home Loans se ha consolidado como un referente en el mercado hipotecario.<\/p><p>Su transparencia, honestidad y servicio al cliente han generado la confianza de miles de familias. En VIVA, el \u00e9xito se mide por su capacidad para hacer una diferencia positiva en la vida de las personas, manteniendo siempre una comunicaci\u00f3n abierta y fluida con sus clientes.<\/p><p>*** La historia de VIVA Home Loans es una historia de crecimiento, compromiso y servicio a la comunidad, donde cada paso dado est\u00e1 impulsado por el deseo de hacer el bien y ayudar a las familias a alcanzar sus sue\u00f1os de tener un hogar propio.<\/p>\t\t\t\t\t\t\t\t<\/div>\n\t\t\t\t<\/div>\n\t\t\t\t<\/div>\n\t\t<div class=\"elementor-element elementor-element-eee0c18 e-con-full e-flex e-con e-child\" data-id=\"eee0c18\" data-element_type=\"container\" data-e-type=\"container\">\n\t\t\t\t<\/div>\n\t\t\t\t\t<\/div>\n\t\t\t\t<\/div>\n\t\t\t\t<\/div>\n\t\t","protected":false},"excerpt":{"rendered":"<p>Misi\u00f3n Ofrecer soluciones hipotecarias accesibles y personalizadas para que nuestros clientes puedan tener un hogar propio. Apoyamos especialmente a los primeros compradores y a la comunidad latina, proporcion\u00e1ndoles programas de pr\u00e9stamos adecuados y al mejor precio posible. Visi\u00f3n En VIVA Home Loans, aspiramos a que los primeros compradores, especialmente de la comunidad latina, y todos&#8230;<\/p>\n","protected":false},"author":2,"featured_media":0,"parent":0,"menu_order":0,"comment_status":"closed","ping_status":"closed","template":"","meta":{"_kad_post_transparent":"","_kad_post_title":"hide","_kad_post_layout":"fullwidth","_kad_post_sidebar_id":"","_kad_post_content_style":"unboxed","_kad_post_vertical_padding":"hide","_kad_post_feature":"hide","_kad_post_feature_position":"","_kad_post_header":false,"_kad_post_footer":false,"_kad_post_classname":"","footnotes":""},"class_list":["post-30","page","type-page","status-publish","hentry"],"_links":{"self":[{"href":"http:\/\/vivahomeloans.com\/spa\/wp-json\/wp\/v2\/pages\/30","targetHints":{"allow":["GET"]}}],"collection":[{"href":"http:\/\/vivahomeloans.com\/spa\/wp-json\/wp\/v2\/pages"}],"about":[{"href":"http:\/\/vivahomeloans.com\/spa\/wp-json\/wp\/v2\/types\/page"}],"author":[{"embeddable":true,"href":"http:\/\/vivahomeloans.com\/spa\/wp-json\/wp\/v2\/users\/2"}],"replies":[{"embeddable":true,"href":"http:\/\/vivahomeloans.com\/spa\/wp-json\/wp\/v2\/comments?post=30"}],"version-history":[{"count":130,"href":"http:\/\/vivahomeloans.com\/spa\/wp-json\/wp\/v2\/pages\/30\/revisions"}],"predecessor-version":[{"id":1760,"href":"http:\/\/vivahomeloans.com\/spa\/wp-json\/wp\/v2\/pages\/30\/revisions\/1760"}],"wp:attachment":[{"href":"http:\/\/vivahomeloans.com\/spa\/wp-json\/wp\/v2\/media?parent=30"}],"curies":[{"name":"wp","href":"https:\/\/api.w.org\/{rel}","templated":true}]}}