{"id":1476,"date":"2024-07-09T23:34:38","date_gmt":"2024-07-09T23:34:38","guid":{"rendered":"http:\/\/vivahomeloans.com\/?page_id=1476"},"modified":"2025-09-02T02:08:07","modified_gmt":"2025-09-02T02:08:07","slug":"programa-fha-plus","status":"publish","type":"page","link":"http:\/\/vivahomeloans.com\/eng\/servicios\/programa-fha-plus\/","title":{"rendered":"FHA PLUS Program"},"content":{"rendered":"<div data-elementor-type=\"wp-page\" data-elementor-id=\"1476\" class=\"elementor elementor-1476\" data-elementor-post-type=\"page\">\n\t\t\t\t<div class=\"elementor-element elementor-element-0192e44 e-flex e-con-boxed e-con e-parent\" data-id=\"0192e44\" data-element_type=\"container\" data-e-type=\"container\">\n\t\t\t\t\t<div class=\"e-con-inner\">\n\t\t<div class=\"elementor-element elementor-element-8e8df8d e-con-full e-flex e-con e-child\" data-id=\"8e8df8d\" data-element_type=\"container\" data-e-type=\"container\">\n\t\t\t\t<div class=\"elementor-element elementor-element-5b5effa elementor-widget elementor-widget-spacer\" data-id=\"5b5effa\" data-element_type=\"widget\" data-e-type=\"widget\" data-widget_type=\"spacer.default\">\n\t\t\t\t<div class=\"elementor-widget-container\">\n\t\t\t\t\t\t\t<div class=\"elementor-spacer\">\n\t\t\t<div class=\"elementor-spacer-inner\"><\/div>\n\t\t<\/div>\n\t\t\t\t\t\t<\/div>\n\t\t\t\t<\/div>\n\t\t\t\t<div class=\"elementor-element elementor-element-bf7680d elementor-align-center elementor-widget elementor-widget-button\" data-id=\"bf7680d\" data-element_type=\"widget\" data-e-type=\"widget\" data-widget_type=\"button.default\">\n\t\t\t\t<div class=\"elementor-widget-container\">\n\t\t\t\t\t\t\t\t\t<div class=\"elementor-button-wrapper\">\n\t\t\t\t\t<a class=\"elementor-button elementor-size-sm\" role=\"button\">\n\t\t\t\t\t\t<span class=\"elementor-button-content-wrapper\">\n\t\t\t\t\t\t\t\t\t<span class=\"elementor-button-text\">FHA PREMIER PROGRAM<\/span>\n\t\t\t\t\t<\/span>\n\t\t\t\t\t<\/a>\n\t\t\t\t<\/div>\n\t\t\t\t\t\t\t\t<\/div>\n\t\t\t\t<\/div>\n\t\t\t\t<div class=\"elementor-element elementor-element-6e93c51 elementor-align-center elementor-widget elementor-widget-button\" data-id=\"6e93c51\" data-element_type=\"widget\" data-e-type=\"widget\" data-widget_type=\"button.default\">\n\t\t\t\t<div class=\"elementor-widget-container\">\n\t\t\t\t\t\t\t\t\t<div class=\"elementor-button-wrapper\">\n\t\t\t\t\t<a class=\"elementor-button elementor-size-sm\" role=\"button\">\n\t\t\t\t\t\t<span class=\"elementor-button-content-wrapper\">\n\t\t\t\t\t\t\t\t\t<span class=\"elementor-button-text\">Pago inicial bajo, cr\u00e9dito flexible y aprobaci\u00f3n r\u00e1pida: tu camino  a la propiedad de vivienda hecho f\u00e1cil. <\/span>\n\t\t\t\t\t<\/span>\n\t\t\t\t\t<\/a>\n\t\t\t\t<\/div>\n\t\t\t\t\t\t\t\t<\/div>\n\t\t\t\t<\/div>\n\t\t\t\t<div class=\"elementor-element elementor-element-b08ebac elementor-widget__width-initial elementor-widget elementor-widget-text-editor\" data-id=\"b08ebac\" data-element_type=\"widget\" data-e-type=\"widget\" data-widget_type=\"text-editor.default\">\n\t\t\t\t<div class=\"elementor-widget-container\">\n\t\t\t\t\t\t\t\t\t<p><strong>PROGRAM HIGHLIGHTS:<\/strong><\/p>\t\t\t\t\t\t\t\t<\/div>\n\t\t\t\t<\/div>\n\t\t\t\t<div class=\"elementor-element elementor-element-7586255 elementor-widget__width-initial elementor-widget elementor-widget-text-editor\" data-id=\"7586255\" data-element_type=\"widget\" data-e-type=\"widget\" data-widget_type=\"text-editor.default\">\n\t\t\t\t<div class=\"elementor-widget-container\">\n\t\t\t\t\t\t\t\t\t<ul><li>DU or LP approval required<\/li><li>Co-borrowers NON occupants not permitted<\/li><li>Verification of employment and 1 month pay stub, only no taxes or tax transcripts required<\/li><li>Max. HUD County Loan Limits<\/li><li>4 units; PUD; Townhouses; Condos (FHA approved)<\/li><li>Down payment 3.5% FHA<\/li><li>4506 execution not required<\/li><li>100% gift allowed<\/li><\/ul>\t\t\t\t\t\t\t\t<\/div>\n\t\t\t\t<\/div>\n\t\t\t\t<\/div>\n\t\t\t\t\t<\/div>\n\t\t\t\t<\/div>\n\t\t<div class=\"elementor-element elementor-element-c2df91c e-flex e-con-boxed e-con e-parent\" data-id=\"c2df91c\" data-element_type=\"container\" data-e-type=\"container\" id=\"reqfp\" data-settings=\"{&quot;background_background&quot;:&quot;classic&quot;}\">\n\t\t\t\t\t<div class=\"e-con-inner\">\n\t\t<div class=\"elementor-element elementor-element-6420ea5 e-con-full e-flex e-con e-child\" data-id=\"6420ea5\" data-element_type=\"container\" data-e-type=\"container\">\n\t\t\t\t<div class=\"elementor-element elementor-element-5bd70df elementor-widget elementor-widget-text-editor\" data-id=\"5bd70df\" data-element_type=\"widget\" data-e-type=\"widget\" data-widget_type=\"text-editor.default\">\n\t\t\t\t<div class=\"elementor-widget-container\">\n\t\t\t\t\t\t\t\t\t<p>Employee W-2<\/p>\t\t\t\t\t\t\t\t<\/div>\n\t\t\t\t<\/div>\n\t\t\t\t<div class=\"elementor-element elementor-element-208a363 elementor-align-center elementor-widget elementor-widget-button\" data-id=\"208a363\" data-element_type=\"widget\" data-e-type=\"widget\" data-widget_type=\"button.default\">\n\t\t\t\t<div class=\"elementor-widget-container\">\n\t\t\t\t\t\t\t\t\t<div class=\"elementor-button-wrapper\">\n\t\t\t\t\t<a class=\"elementor-button elementor-button-link elementor-size-sm\" href=\"http:\/\/vivahomeloans.com\/eng\/requisitos\/regular-fha-employee-w2\/\" target=\"_blank\">\n\t\t\t\t\t\t<span class=\"elementor-button-content-wrapper\">\n\t\t\t\t\t\t\t\t\t<span class=\"elementor-button-text\">See Requirements<\/span>\n\t\t\t\t\t<\/span>\n\t\t\t\t\t<\/a>\n\t\t\t\t<\/div>\n\t\t\t\t\t\t\t\t<\/div>\n\t\t\t\t<\/div>\n\t\t\t\t<\/div>\n\t\t<div class=\"elementor-element elementor-element-d4ce335 e-con-full e-flex e-con e-child\" data-id=\"d4ce335\" data-element_type=\"container\" data-e-type=\"container\">\n\t\t\t\t<div class=\"elementor-element elementor-element-053d1fe elementor-widget elementor-widget-text-editor\" data-id=\"053d1fe\" data-element_type=\"widget\" data-e-type=\"widget\" data-widget_type=\"text-editor.default\">\n\t\t\t\t<div class=\"elementor-widget-container\">\n\t\t\t\t\t\t\t\t\t<p>Self-Employed<\/p>\t\t\t\t\t\t\t\t<\/div>\n\t\t\t\t<\/div>\n\t\t\t\t<div class=\"elementor-element elementor-element-7efee35 elementor-align-center elementor-widget elementor-widget-button\" data-id=\"7efee35\" data-element_type=\"widget\" data-e-type=\"widget\" data-widget_type=\"button.default\">\n\t\t\t\t<div class=\"elementor-widget-container\">\n\t\t\t\t\t\t\t\t\t<div class=\"elementor-button-wrapper\">\n\t\t\t\t\t<a class=\"elementor-button elementor-button-link elementor-size-sm\" href=\"http:\/\/vivahomeloans.com\/eng\/requisitos\/regular-fha-self-employed\/\" target=\"_blank\">\n\t\t\t\t\t\t<span class=\"elementor-button-content-wrapper\">\n\t\t\t\t\t\t\t\t\t<span class=\"elementor-button-text\">See Requirements<\/span>\n\t\t\t\t\t<\/span>\n\t\t\t\t\t<\/a>\n\t\t\t\t<\/div>\n\t\t\t\t\t\t\t\t<\/div>\n\t\t\t\t<\/div>\n\t\t\t\t<\/div>\n\t\t\t\t\t<\/div>\n\t\t\t\t<\/div>\n\t\t\t\t<\/div>","protected":false},"excerpt":{"rendered":"<p>PROGRAMA FHA PREMIER Pago inicial bajo, cr\u00e9dito flexible y aprobaci\u00f3n r\u00e1pida: tu camino a la propiedad de vivienda hecho f\u00e1cil. ASPECTOS DESTACADOS DEL PROGRAMA: Se requiere aprobaci\u00f3n de DU o LP Co prestarios NON ocupantes no permitidos Verificaci\u00f3n de empleo y tal\u00f3n de pago de 1 mes, s\u00f3lo no se requieren impuestos o transcripciones de&#8230;<\/p>","protected":false},"author":2,"featured_media":0,"parent":32,"menu_order":0,"comment_status":"closed","ping_status":"closed","template":"","meta":{"_kad_post_transparent":"","_kad_post_title":"hide","_kad_post_layout":"fullwidth","_kad_post_sidebar_id":"","_kad_post_content_style":"unboxed","_kad_post_vertical_padding":"hide","_kad_post_feature":"hide","_kad_post_feature_position":"","_kad_post_header":false,"_kad_post_footer":false,"_kad_post_classname":"","footnotes":""},"class_list":["post-1476","page","type-page","status-publish","hentry"],"_links":{"self":[{"href":"http:\/\/vivahomeloans.com\/eng\/wp-json\/wp\/v2\/pages\/1476","targetHints":{"allow":["GET"]}}],"collection":[{"href":"http:\/\/vivahomeloans.com\/eng\/wp-json\/wp\/v2\/pages"}],"about":[{"href":"http:\/\/vivahomeloans.com\/eng\/wp-json\/wp\/v2\/types\/page"}],"author":[{"embeddable":true,"href":"http:\/\/vivahomeloans.com\/eng\/wp-json\/wp\/v2\/users\/2"}],"replies":[{"embeddable":true,"href":"http:\/\/vivahomeloans.com\/eng\/wp-json\/wp\/v2\/comments?post=1476"}],"version-history":[{"count":16,"href":"http:\/\/vivahomeloans.com\/eng\/wp-json\/wp\/v2\/pages\/1476\/revisions"}],"predecessor-version":[{"id":2295,"href":"http:\/\/vivahomeloans.com\/eng\/wp-json\/wp\/v2\/pages\/1476\/revisions\/2295"}],"up":[{"embeddable":true,"href":"http:\/\/vivahomeloans.com\/eng\/wp-json\/wp\/v2\/pages\/32"}],"wp:attachment":[{"href":"http:\/\/vivahomeloans.com\/eng\/wp-json\/wp\/v2\/media?parent=1476"}],"curies":[{"name":"wp","href":"https:\/\/api.w.org\/{rel}","templated":true}]}}