{"id":1465,"date":"2024-07-02T21:08:21","date_gmt":"2024-07-02T21:08:21","guid":{"rendered":"http:\/\/vivahomeloans.com\/?page_id=1465"},"modified":"2025-09-01T17:12:05","modified_gmt":"2025-09-01T17:12:05","slug":"dream-possible","status":"publish","type":"page","link":"http:\/\/vivahomeloans.com\/eng\/servicios\/dream-possible\/","title":{"rendered":"Dream Possible"},"content":{"rendered":"<div data-elementor-type=\"wp-page\" data-elementor-id=\"1465\" class=\"elementor elementor-1465\" data-elementor-post-type=\"page\">\n\t\t\t\t<div class=\"elementor-element elementor-element-e526ce8 e-flex e-con-boxed e-con e-parent\" data-id=\"e526ce8\" data-element_type=\"container\" data-e-type=\"container\">\n\t\t\t\t\t<div class=\"e-con-inner\">\n\t\t<div class=\"elementor-element elementor-element-4ccd76b e-con-full e-flex e-con e-child\" data-id=\"4ccd76b\" data-element_type=\"container\" data-e-type=\"container\">\n\t\t\t\t<div class=\"elementor-element elementor-element-df7e1c3 elementor-widget elementor-widget-spacer\" data-id=\"df7e1c3\" data-element_type=\"widget\" data-e-type=\"widget\" data-widget_type=\"spacer.default\">\n\t\t\t\t<div class=\"elementor-widget-container\">\n\t\t\t\t\t\t\t<div class=\"elementor-spacer\">\n\t\t\t<div class=\"elementor-spacer-inner\"><\/div>\n\t\t<\/div>\n\t\t\t\t\t\t<\/div>\n\t\t\t\t<\/div>\n\t\t\t\t<div class=\"elementor-element elementor-element-334a4d3 elementor-align-center elementor-widget elementor-widget-button\" data-id=\"334a4d3\" data-element_type=\"widget\" data-e-type=\"widget\" data-widget_type=\"button.default\">\n\t\t\t\t<div class=\"elementor-widget-container\">\n\t\t\t\t\t\t\t\t\t<div class=\"elementor-button-wrapper\">\n\t\t\t\t\t<a class=\"elementor-button elementor-button-link elementor-size-sm\" href=\"#\">\n\t\t\t\t\t\t<span class=\"elementor-button-content-wrapper\">\n\t\t\t\t\t\t\t\t\t<span class=\"elementor-button-text\">DREAM POSSIBLE PROGRAM<\/span>\n\t\t\t\t\t<\/span>\n\t\t\t\t\t<\/a>\n\t\t\t\t<\/div>\n\t\t\t\t\t\t\t\t<\/div>\n\t\t\t\t<\/div>\n\t\t\t\t<div class=\"elementor-element elementor-element-64a6e63 elementor-align-center elementor-widget elementor-widget-button\" data-id=\"64a6e63\" data-element_type=\"widget\" data-e-type=\"widget\" data-widget_type=\"button.default\">\n\t\t\t\t<div class=\"elementor-widget-container\">\n\t\t\t\t\t\t\t\t\t<div class=\"elementor-button-wrapper\">\n\t\t\t\t\t<a class=\"elementor-button elementor-size-sm\" role=\"button\">\n\t\t\t\t\t\t<span class=\"elementor-button-content-wrapper\">\n\t\t\t\t\t\t\t\t\t<span class=\"elementor-button-text\">Affordable housing programs<\/span>\n\t\t\t\t\t<\/span>\n\t\t\t\t\t<\/a>\n\t\t\t\t<\/div>\n\t\t\t\t\t\t\t\t<\/div>\n\t\t\t\t<\/div>\n\t\t\t\t<div class=\"elementor-element elementor-element-008d8ab elementor-widget__width-initial elementor-widget elementor-widget-text-editor\" data-id=\"008d8ab\" data-element_type=\"widget\" data-e-type=\"widget\" data-widget_type=\"text-editor.default\">\n\t\t\t\t<div class=\"elementor-widget-container\">\n\t\t\t\t\t\t\t\t\t<p>Est\u00e1 dise\u00f1ado para familias trabajadoras que no califican para financiamiento tradicional, pero desean la oportunidad de asegurar una vivienda ahora. <br \/>Est\u00e1 disponible para ciudadanos estadounidenses, as\u00ed como para individuos con un ITIN Tax ID, residentes permanentes, titulares de permisos de trabajo y beneficiarios de DACA.<\/p><ul><li>Ofrece un pago inicial (down payment) de 5% del precio de la casa.<\/li><li>Ofrece una tasa de inter\u00e9s fija y un plazo de amortizaci\u00f3n total de 40 a\u00f1os.<\/li><\/ul>\t\t\t\t\t\t\t\t<\/div>\n\t\t\t\t<\/div>\n\t\t\t\t<div class=\"elementor-element elementor-element-99a6b47 elementor-widget__width-initial elementor-widget elementor-widget-text-editor\" data-id=\"99a6b47\" data-element_type=\"widget\" data-e-type=\"widget\" data-widget_type=\"text-editor.default\">\n\t\t\t\t<div class=\"elementor-widget-container\">\n\t\t\t\t\t\t\t\t\t<p><strong>With the Dream Possible Program:<\/strong><\/p>\t\t\t\t\t\t\t\t<\/div>\n\t\t\t\t<\/div>\n\t\t\t\t<div class=\"elementor-element elementor-element-5519fee elementor-widget__width-initial elementor-widget elementor-widget-text-editor\" data-id=\"5519fee\" data-element_type=\"widget\" data-e-type=\"widget\" data-widget_type=\"text-editor.default\">\n\t\t\t\t<div class=\"elementor-widget-container\">\n\t\t\t\t\t\t\t\t\t<ul><li>Los pagos mensuales son fijos e incluyen capital, intereses, impuestos, seguro de propietario y los costos asociados con la administraci\u00f3n del pr\u00e9stamo.<\/li><li>Al realizar los pagos a tiempo, los solicitantes fortalecer\u00e1n su historial crediticio, prepar\u00e1ndolos para acceder a un financiamiento tradicional.<\/li><li>Los pagos mensuales est\u00e1n dise\u00f1ados para ser accesibles y se basan en la situaci\u00f3n financiera de cada solicitante.<\/li><li>VIVA Home Loans demuestra su compromiso de empoderar a las familias para generar patrimonio a trav\u00e9s de la propiedad de vivienda. <\/li><li>Se presenta un Memor\u00e1ndum de Acuerdo en la oficina de registros del condado para garantizar que los intereses del cliente en la propiedad est\u00e9n protegidos.* <\/li><li>El precio de compra se establece en el momento en que el cliente firma el acuerdo. <\/li><li>Los aumentos en el valor de la vivienda durante la vigencia del acuerdo benefician al cliente, siempre y cuando todos los pagos se realicen seg\u00fan lo pactado.<\/li><\/ul>\t\t\t\t\t\t\t\t<\/div>\n\t\t\t\t<\/div>\n\t\t\t\t<\/div>\n\t\t\t\t\t<\/div>\n\t\t\t\t<\/div>\n\t\t<div class=\"elementor-element elementor-element-5b0406c e-flex e-con-boxed e-con e-parent\" data-id=\"5b0406c\" data-element_type=\"container\" data-e-type=\"container\" id=\"reqdp\" data-settings=\"{&quot;background_background&quot;:&quot;classic&quot;}\">\n\t\t\t\t\t<div class=\"e-con-inner\">\n\t\t<div class=\"elementor-element elementor-element-001df5a e-con-full e-flex e-con e-child\" data-id=\"001df5a\" data-element_type=\"container\" data-e-type=\"container\">\n\t\t\t\t<div class=\"elementor-element elementor-element-c7ce55d elementor-widget elementor-widget-text-editor\" data-id=\"c7ce55d\" data-element_type=\"widget\" data-e-type=\"widget\" data-widget_type=\"text-editor.default\">\n\t\t\t\t<div class=\"elementor-widget-container\">\n\t\t\t\t\t\t\t\t\t<p>Employee W-2<\/p>\t\t\t\t\t\t\t\t<\/div>\n\t\t\t\t<\/div>\n\t\t\t\t<div class=\"elementor-element elementor-element-ceb4601 elementor-align-center elementor-widget elementor-widget-button\" data-id=\"ceb4601\" data-element_type=\"widget\" data-e-type=\"widget\" data-widget_type=\"button.default\">\n\t\t\t\t<div class=\"elementor-widget-container\">\n\t\t\t\t\t\t\t\t\t<div class=\"elementor-button-wrapper\">\n\t\t\t\t\t<a class=\"elementor-button elementor-button-link elementor-size-sm\" href=\"http:\/\/vivahomeloans.com\/eng\/requisitos\/dream-possible-employee-w2\/\" target=\"_blank\">\n\t\t\t\t\t\t<span class=\"elementor-button-content-wrapper\">\n\t\t\t\t\t\t\t\t\t<span class=\"elementor-button-text\">See Requirements<\/span>\n\t\t\t\t\t<\/span>\n\t\t\t\t\t<\/a>\n\t\t\t\t<\/div>\n\t\t\t\t\t\t\t\t<\/div>\n\t\t\t\t<\/div>\n\t\t\t\t<\/div>\n\t\t<div class=\"elementor-element elementor-element-d0b089b e-con-full e-flex e-con e-child\" data-id=\"d0b089b\" data-element_type=\"container\" data-e-type=\"container\">\n\t\t\t\t<div class=\"elementor-element elementor-element-8f73892 elementor-widget elementor-widget-text-editor\" data-id=\"8f73892\" data-element_type=\"widget\" data-e-type=\"widget\" data-widget_type=\"text-editor.default\">\n\t\t\t\t<div class=\"elementor-widget-container\">\n\t\t\t\t\t\t\t\t\t<p>Self-Employed<\/p>\t\t\t\t\t\t\t\t<\/div>\n\t\t\t\t<\/div>\n\t\t\t\t<div class=\"elementor-element elementor-element-a2321df elementor-align-center elementor-widget elementor-widget-button\" data-id=\"a2321df\" data-element_type=\"widget\" data-e-type=\"widget\" data-widget_type=\"button.default\">\n\t\t\t\t<div class=\"elementor-widget-container\">\n\t\t\t\t\t\t\t\t\t<div class=\"elementor-button-wrapper\">\n\t\t\t\t\t<a class=\"elementor-button elementor-button-link elementor-size-sm\" href=\"http:\/\/vivahomeloans.com\/eng\/requisitos\/dream-possible-self-employed\/\" target=\"_blank\">\n\t\t\t\t\t\t<span class=\"elementor-button-content-wrapper\">\n\t\t\t\t\t\t\t\t\t<span class=\"elementor-button-text\">See Requirements<\/span>\n\t\t\t\t\t<\/span>\n\t\t\t\t\t<\/a>\n\t\t\t\t<\/div>\n\t\t\t\t\t\t\t\t<\/div>\n\t\t\t\t<\/div>\n\t\t\t\t<\/div>\n\t\t\t\t\t<\/div>\n\t\t\t\t<\/div>\n\t\t\t\t<\/div>","protected":false},"excerpt":{"rendered":"<p>PROGRAMA DREAM POSSIBLE Programas de vivienda accesible Est\u00e1 dise\u00f1ado para familias trabajadoras que no califican para financiamiento tradicional, pero desean la oportunidad de asegurar una vivienda ahora. Est\u00e1 disponible para ciudadanos estadounidenses, as\u00ed como para individuos con un ITIN Tax ID, residentes permanentes, titulares de permisos de trabajo y beneficiarios de DACA. Ofrece un pago&#8230;<\/p>","protected":false},"author":2,"featured_media":0,"parent":32,"menu_order":0,"comment_status":"closed","ping_status":"closed","template":"","meta":{"_kad_post_transparent":"","_kad_post_title":"hide","_kad_post_layout":"fullwidth","_kad_post_sidebar_id":"","_kad_post_content_style":"unboxed","_kad_post_vertical_padding":"hide","_kad_post_feature":"hide","_kad_post_feature_position":"","_kad_post_header":false,"_kad_post_footer":false,"_kad_post_classname":"","footnotes":""},"class_list":["post-1465","page","type-page","status-publish","hentry"],"_links":{"self":[{"href":"http:\/\/vivahomeloans.com\/eng\/wp-json\/wp\/v2\/pages\/1465","targetHints":{"allow":["GET"]}}],"collection":[{"href":"http:\/\/vivahomeloans.com\/eng\/wp-json\/wp\/v2\/pages"}],"about":[{"href":"http:\/\/vivahomeloans.com\/eng\/wp-json\/wp\/v2\/types\/page"}],"author":[{"embeddable":true,"href":"http:\/\/vivahomeloans.com\/eng\/wp-json\/wp\/v2\/users\/2"}],"replies":[{"embeddable":true,"href":"http:\/\/vivahomeloans.com\/eng\/wp-json\/wp\/v2\/comments?post=1465"}],"version-history":[{"count":37,"href":"http:\/\/vivahomeloans.com\/eng\/wp-json\/wp\/v2\/pages\/1465\/revisions"}],"predecessor-version":[{"id":2269,"href":"http:\/\/vivahomeloans.com\/eng\/wp-json\/wp\/v2\/pages\/1465\/revisions\/2269"}],"up":[{"embeddable":true,"href":"http:\/\/vivahomeloans.com\/eng\/wp-json\/wp\/v2\/pages\/32"}],"wp:attachment":[{"href":"http:\/\/vivahomeloans.com\/eng\/wp-json\/wp\/v2\/media?parent=1465"}],"curies":[{"name":"wp","href":"https:\/\/api.w.org\/{rel}","templated":true}]}}